{"id":29,"date":"2025-01-20T20:33:16","date_gmt":"2025-01-20T20:33:16","guid":{"rendered":"http:\/\/pomocnikpoz.pl\/?page_id=29"},"modified":"2025-01-20T20:33:16","modified_gmt":"2025-01-20T20:33:16","slug":"o-autorze","status":"publish","type":"page","link":"https:\/\/pomocnikpoz.pl\/index.php\/o-autorze\/","title":{"rendered":"O autorze"},"content":{"rendered":"\n<div class=\"bio-section\">\n    <h2>O autorze<\/h2>\n    <p><strong>dr n. med. Micha\u0142 Zarobkiewicz<\/strong> <br \/>\n        Nazywam si\u0119 Micha\u0142 Zarobkiewicz, jestem \n        <strong>profesorem Uniwersytetu Medycznego w Lublinie<\/strong> oraz lekarzem rodzinnym w trakcie specjalizacji. \n        Poza prac\u0105 z pacjentami prowadz\u0119 badania nad onkoimmunologi\u0105 w Katedrze i Zak\u0142adzie Immunologii Klinicznej UM w Lublinie.\n    <\/p>\n    <p>\n        Wi\u0119cej o moich badaniach mo\u017cna przeczyta\u0107 tutaj: \n        <a href=\"https:\/\/gammadelta.pl\" target=\"_blank\" rel=\"noopener\">gammadelta.pl<\/a>\n    <\/p>\n    <p>\n        <strong>PomocnikPOZ<\/strong> za\u0142o\u017cy\u0142em, aby u\u0142atwi\u0107 prac\u0119 sobie i moim znajomym lekarzom rodzinnym. \n        Mam nadziej\u0119, \u017ce narz\u0119dzie to b\u0119dzie przydatne tak\u017ce innym. \n        Jestem otwarty na wszelkie uwagi i sugestie, dzi\u0119ki kt\u00f3rym b\u0119d\u0119 m\u00f3g\u0142 je ulepsza\u0107 i dostosowywa\u0107 do Waszych potrzeb.\n    <\/p>\n<\/div>\n","protected":false},"excerpt":{"rendered":"<p>O autorze dr n. med. Micha\u0142 Zarobkiewicz Nazywam si\u0119 Micha\u0142 Zarobkiewicz, jestem profesorem Uniwersytetu Medycznego w Lublinie oraz lekarzem rodzinnym w trakcie specjalizacji. Poza prac\u0105 z pacjentami prowadz\u0119 badania nad onkoimmunologi\u0105 w Katedrze i Zak\u0142adzie Immunologii Klinicznej UM w Lublinie. Wi\u0119cej o moich badaniach mo\u017cna przeczyta\u0107 tutaj: gammadelta.pl PomocnikPOZ za\u0142o\u017cy\u0142em, aby u\u0142atwi\u0107 prac\u0119 sobie i [&hellip;]<\/p>\n","protected":false},"author":1,"featured_media":0,"parent":0,"menu_order":0,"comment_status":"closed","ping_status":"closed","template":"","meta":{"om_disable_all_campaigns":false,"_monsterinsights_skip_tracking":false,"_monsterinsights_sitenote_active":false,"_monsterinsights_sitenote_note":"","_monsterinsights_sitenote_category":0,"footnotes":""},"aioseo_notices":[],"_links":{"self":[{"href":"https:\/\/pomocnikpoz.pl\/index.php\/wp-json\/wp\/v2\/pages\/29"}],"collection":[{"href":"https:\/\/pomocnikpoz.pl\/index.php\/wp-json\/wp\/v2\/pages"}],"about":[{"href":"https:\/\/pomocnikpoz.pl\/index.php\/wp-json\/wp\/v2\/types\/page"}],"author":[{"embeddable":true,"href":"https:\/\/pomocnikpoz.pl\/index.php\/wp-json\/wp\/v2\/users\/1"}],"replies":[{"embeddable":true,"href":"https:\/\/pomocnikpoz.pl\/index.php\/wp-json\/wp\/v2\/comments?post=29"}],"version-history":[{"count":1,"href":"https:\/\/pomocnikpoz.pl\/index.php\/wp-json\/wp\/v2\/pages\/29\/revisions"}],"predecessor-version":[{"id":30,"href":"https:\/\/pomocnikpoz.pl\/index.php\/wp-json\/wp\/v2\/pages\/29\/revisions\/30"}],"wp:attachment":[{"href":"https:\/\/pomocnikpoz.pl\/index.php\/wp-json\/wp\/v2\/media?parent=29"}],"curies":[{"name":"wp","href":"https:\/\/api.w.org\/{rel}","templated":true}]}}