{"id":52,"date":"2025-09-03T07:36:26","date_gmt":"2025-09-03T07:36:26","guid":{"rendered":"https:\/\/pomocnikpoz.pl\/?page_id=52"},"modified":"2025-09-03T07:38:24","modified_gmt":"2025-09-03T07:38:24","slug":"wytyczne","status":"publish","type":"page","link":"https:\/\/pomocnikpoz.pl\/index.php\/wytyczne\/","title":{"rendered":"Wytyczne"},"content":{"rendered":"\n<p><\/p>\n\n\n\n<div class=\"wp-block-columns is-layout-flex wp-container-core-columns-layout-1 wp-block-columns-is-layout-flex\">\n<div class=\"wp-block-column is-layout-flow wp-block-column-is-layout-flow\"><div class=\"wp-block-image\">\n<figure class=\"aligncenter size-full\"><img loading=\"lazy\" decoding=\"async\" width=\"336\" height=\"781\" src=\"https:\/\/pomocnikpoz.pl\/wp-content\/uploads\/2025\/09\/Zrzut-ekranu_3-9-2025_8433_ptg-e.org_.pl_.jpeg\" alt=\"\" class=\"wp-image-53\" srcset=\"https:\/\/pomocnikpoz.pl\/wp-content\/uploads\/2025\/09\/Zrzut-ekranu_3-9-2025_8433_ptg-e.org_.pl_.jpeg 336w, https:\/\/pomocnikpoz.pl\/wp-content\/uploads\/2025\/09\/Zrzut-ekranu_3-9-2025_8433_ptg-e.org_.pl_-129x300.jpeg 129w\" sizes=\"(max-width: 336px) 100vw, 336px\" \/><figcaption class=\"wp-element-caption\">Fig. Wytyczne leczenia zaka\u017cenia H. pylori. \u0179r\u00f3d\u0142o: <a href=\"https:\/\/ptg-e.org.pl\/wp-content\/uploads\/2022\/03\/Wytyczne_Helicobacter.pdf\" data-type=\"link\" data-id=\"https:\/\/ptg-e.org.pl\/wp-content\/uploads\/2022\/03\/Wytyczne_Helicobacter.pdf\">Wytyczne leczenia H. pylori Polskiego Towarzystwa Gastroenterologii<\/a><\/figcaption><\/figure><\/div><\/div>\n\n\n\n<div class=\"wp-block-column is-layout-flow wp-block-column-is-layout-flow\"><div class=\"wp-block-image\">\n<figure class=\"aligncenter size-full\"><img loading=\"lazy\" decoding=\"async\" width=\"707\" height=\"975\" src=\"https:\/\/pomocnikpoz.pl\/wp-content\/uploads\/2025\/09\/Zrzut-ekranu_3-9-2025_93420_ptmr.edu_.pl_.jpeg\" alt=\"\" class=\"wp-image-54\" srcset=\"https:\/\/pomocnikpoz.pl\/wp-content\/uploads\/2025\/09\/Zrzut-ekranu_3-9-2025_93420_ptmr.edu_.pl_.jpeg 707w, https:\/\/pomocnikpoz.pl\/wp-content\/uploads\/2025\/09\/Zrzut-ekranu_3-9-2025_93420_ptmr.edu_.pl_-218x300.jpeg 218w\" sizes=\"(max-width: 707px) 100vw, 707px\" \/><figcaption class=\"wp-element-caption\">Fig. Wytyczne leczenia zaka\u017cenia B. burgdorferi. \u0179r\u00f3d\u0142o: <a href=\"https:\/\/ptmr.edu.pl\/lekarze\/aktualnosci\/diagnostyka_i_leczenie_boreliozy_polskie_wytyczne\">PTMR<\/a>, zgodne z aktualnymi wytycznymi <a href=\"https:\/\/www.pteilchz.org.pl\/wp-content\/uploads\/2025\/02\/Moniuszko-i-wsp.-Przeg-Epidemiol.-2023.pdf\">PTEiLChZ<\/a><\/figcaption><\/figure><\/div><\/div>\n<\/div>\n","protected":false},"excerpt":{"rendered":"","protected":false},"author":1,"featured_media":0,"parent":0,"menu_order":0,"comment_status":"closed","ping_status":"closed","template":"","meta":{"om_disable_all_campaigns":false,"_monsterinsights_skip_tracking":false,"_monsterinsights_sitenote_active":false,"_monsterinsights_sitenote_note":"","_monsterinsights_sitenote_category":0,"footnotes":""},"aioseo_notices":[],"_links":{"self":[{"href":"https:\/\/pomocnikpoz.pl\/index.php\/wp-json\/wp\/v2\/pages\/52"}],"collection":[{"href":"https:\/\/pomocnikpoz.pl\/index.php\/wp-json\/wp\/v2\/pages"}],"about":[{"href":"https:\/\/pomocnikpoz.pl\/index.php\/wp-json\/wp\/v2\/types\/page"}],"author":[{"embeddable":true,"href":"https:\/\/pomocnikpoz.pl\/index.php\/wp-json\/wp\/v2\/users\/1"}],"replies":[{"embeddable":true,"href":"https:\/\/pomocnikpoz.pl\/index.php\/wp-json\/wp\/v2\/comments?post=52"}],"version-history":[{"count":2,"href":"https:\/\/pomocnikpoz.pl\/index.php\/wp-json\/wp\/v2\/pages\/52\/revisions"}],"predecessor-version":[{"id":56,"href":"https:\/\/pomocnikpoz.pl\/index.php\/wp-json\/wp\/v2\/pages\/52\/revisions\/56"}],"wp:attachment":[{"href":"https:\/\/pomocnikpoz.pl\/index.php\/wp-json\/wp\/v2\/media?parent=52"}],"curies":[{"name":"wp","href":"https:\/\/api.w.org\/{rel}","templated":true}]}}