{"id":59,"date":"2025-10-02T09:46:38","date_gmt":"2025-10-02T09:46:38","guid":{"rendered":"https:\/\/pomocnikpoz.pl\/?page_id=59"},"modified":"2025-10-02T11:09:17","modified_gmt":"2025-10-02T11:09:17","slug":"moje-zdrowie","status":"publish","type":"page","link":"https:\/\/pomocnikpoz.pl\/index.php\/moje-zdrowie\/","title":{"rendered":"Moje zdrowie"},"content":{"rendered":"\n<p><strong>Lipoproteina A<\/strong><\/p>\n\n\n\n<p><a href=\"http:\/\/pomocnikpoz.pl\/wp-content\/uploads\/2025\/10\/LipoproteinaA-Informacja-dla-LEKARZY.pdf\" data-type=\"link\" data-id=\"http:\/\/pomocnikpoz.pl\/wp-content\/uploads\/2025\/10\/LipoproteinaA-Informacja-dla-LEKARZY.pdf\">Informacja dla lekarza<\/a><\/p>\n\n\n\n<p><a href=\"http:\/\/pomocnikpoz.pl\/wp-content\/uploads\/2025\/10\/LipoproteinaA-Informacja-dla-pacjentow-.pdf\">Informacja dla pacjenta<\/a><\/p>\n\n\n\n<p>Wyczerpuj\u0105ce informacje na temat lipoproteiny A oraz aktualne zalecenia mo\u017cna znale\u017a\u0107 w <a href=\"https:\/\/ptlipid.pl\/wp-content\/uploads\/2024\/02\/Rekomendacje-Lpa_Ostateczna-wersja-.pdf\">Rekomendacjach Ekspert\u00f3w Polskiego Towarzystwa Kardiologicznego (PTK) oraz Polskiego Towarzystwa Lipidologicznego (PTL) na temat diagnostyki i post\u0119powania z podwy\u017cszonym st\u0119\u017ceniem lipoproteiny(a)<\/a>. Tabela 1 podsumowuje czynniki mog\u0105ce wp\u0142ywa\u0107 na st\u0119\u017cenie lipoproteiny A, tabele 2 i 3 przedstawiaj\u0105 obecne rekomendacje oraz w\u0142a\u015bciwe post\u0119powanie w zale\u017cno\u015bci od poziomu lipoproteiny. <\/p>\n\n\n\n<p>Wp\u0142yw r\u00f3\u017cnych czynnik\u00f3w na st\u0119\u017cenie lipoproteiny eksperci podsumowuj\u0105 w powy\u017cszym dokumencie nast\u0119puj\u0105co:<\/p>\n\n\n\n<figure class=\"wp-block-image size-full\"><img loading=\"lazy\" decoding=\"async\" width=\"787\" height=\"240\" src=\"https:\/\/pomocnikpoz.pl\/wp-content\/uploads\/2025\/10\/Zrzut-ekranu_2-10-2025_13136_ptlipid.pl_.jpeg\" alt=\"\" class=\"wp-image-68\" srcset=\"https:\/\/pomocnikpoz.pl\/wp-content\/uploads\/2025\/10\/Zrzut-ekranu_2-10-2025_13136_ptlipid.pl_.jpeg 787w, https:\/\/pomocnikpoz.pl\/wp-content\/uploads\/2025\/10\/Zrzut-ekranu_2-10-2025_13136_ptlipid.pl_-300x91.jpeg 300w, https:\/\/pomocnikpoz.pl\/wp-content\/uploads\/2025\/10\/Zrzut-ekranu_2-10-2025_13136_ptlipid.pl_-768x234.jpeg 768w\" sizes=\"(max-width: 787px) 100vw, 787px\" \/><\/figure>\n\n\n\n<p><strong>Wybrane informacje dot. rozliczania \u015bwiadczenia<\/strong><\/p>\n\n\n\n<ol>\n<li>Na tej samej wizycie nie mo\u017cna rozliczy\u0107 porady kompleksowej i bilansu zdrowia<\/li>\n\n\n\n<li>Bilans zdrowia &#8222;Moje zdrowie&#8221; i powi\u0105zane us\u0142ugi np. badanie lipoproteiny rozliczamy zawsze z kodem Z10, ale sama porada lekarska nie mo\u017ce mie\u0107 kodu Z10<\/li>\n\n\n\n<li>Na jednej wizycie mo\u017cna rozliczy\u0107 bilans, badania oraz edukacj\u0119 zdrowotn\u0105 w ramach programu &#8222;Moje zdrowie&#8221;<\/li>\n\n\n\n<li>Badanie FIT-OC mo\u017ce by\u0107 zlecone dopiero w momencie rozliczenia bilansu. Pr\u00f3ba rozliczenia na tej samej wizycie podstawowego pakietu, bilansu i badania FIT-OC skutkuje odrzuceniem rozliczenia.<\/li>\n\n\n\n<li>Wszystkie pozosta\u0142e us\u0142ugi w ramach programu Moje Zdrowie powinny by\u0107 rozliczone na tej samej wizycie, co Bilans Zdrowia. Us\u0142uga Bilans Zdrowia warunkuje rozliczenie bada\u0144 dodatkowych np. lipoproteina A, badanie og\u00f3lne moczu etc.<\/li>\n<\/ol>\n\n\n\n<p><strong>Odpowiedzi na r\u00f3\u017cne pytania dotycz\u0105ce <em>Moje Zdrowie<\/em> mo\u017cna znale\u017a\u0107 na oficjalnej stronie programu: <a href=\"https:\/\/mojezdrowiewpoz.pl\/faq\/\">tutaj<\/a><\/strong><\/p>\n","protected":false},"excerpt":{"rendered":"<p>Lipoproteina A Informacja dla lekarza Informacja dla pacjenta Wyczerpuj\u0105ce informacje na temat lipoproteiny A oraz aktualne zalecenia mo\u017cna znale\u017a\u0107 w Rekomendacjach Ekspert\u00f3w Polskiego Towarzystwa Kardiologicznego (PTK) oraz Polskiego Towarzystwa Lipidologicznego (PTL) na temat diagnostyki i post\u0119powania z podwy\u017cszonym st\u0119\u017ceniem lipoproteiny(a). Tabela 1 podsumowuje czynniki mog\u0105ce wp\u0142ywa\u0107 na st\u0119\u017cenie lipoproteiny A, tabele 2 i 3 przedstawiaj\u0105 [&hellip;]<\/p>\n","protected":false},"author":1,"featured_media":0,"parent":0,"menu_order":0,"comment_status":"closed","ping_status":"closed","template":"","meta":{"om_disable_all_campaigns":false,"_monsterinsights_skip_tracking":false,"_monsterinsights_sitenote_active":false,"_monsterinsights_sitenote_note":"","_monsterinsights_sitenote_category":0,"footnotes":""},"aioseo_notices":[],"_links":{"self":[{"href":"https:\/\/pomocnikpoz.pl\/index.php\/wp-json\/wp\/v2\/pages\/59"}],"collection":[{"href":"https:\/\/pomocnikpoz.pl\/index.php\/wp-json\/wp\/v2\/pages"}],"about":[{"href":"https:\/\/pomocnikpoz.pl\/index.php\/wp-json\/wp\/v2\/types\/page"}],"author":[{"embeddable":true,"href":"https:\/\/pomocnikpoz.pl\/index.php\/wp-json\/wp\/v2\/users\/1"}],"replies":[{"embeddable":true,"href":"https:\/\/pomocnikpoz.pl\/index.php\/wp-json\/wp\/v2\/comments?post=59"}],"version-history":[{"count":6,"href":"https:\/\/pomocnikpoz.pl\/index.php\/wp-json\/wp\/v2\/pages\/59\/revisions"}],"predecessor-version":[{"id":69,"href":"https:\/\/pomocnikpoz.pl\/index.php\/wp-json\/wp\/v2\/pages\/59\/revisions\/69"}],"wp:attachment":[{"href":"https:\/\/pomocnikpoz.pl\/index.php\/wp-json\/wp\/v2\/media?parent=59"}],"curies":[{"name":"wp","href":"https:\/\/api.w.org\/{rel}","templated":true}]}}